{"id":1764,"date":"2025-10-16T17:09:54","date_gmt":"2025-10-16T17:09:54","guid":{"rendered":"https:\/\/daveprodetailing.com\/ceramic-treatments\/"},"modified":"2025-12-15T10:00:43","modified_gmt":"2025-12-15T10:00:43","slug":"ceramic-treatments","status":"publish","type":"page","link":"https:\/\/daveprodetailing.com\/en\/ceramic-treatments\/","title":{"rendered":"CERAMIC TREATMENTS"},"content":{"rendered":"\n<div class=\"wp-block-cover is-light\"><img loading=\"lazy\" decoding=\"async\" width=\"390\" height=\"258\" class=\"wp-block-cover__image-background wp-image-1576 size-full\" alt=\"\" src=\"https:\/\/daveprodetailing.com\/wp-content\/uploads\/2025\/10\/blog-que-coating-elegir-3.jpg\" data-object-fit=\"cover\" srcset=\"https:\/\/daveprodetailing.com\/wp-content\/uploads\/2025\/10\/blog-que-coating-elegir-3.jpg 390w, https:\/\/daveprodetailing.com\/wp-content\/uploads\/2025\/10\/blog-que-coating-elegir-3-300x198.jpg 300w\" sizes=\"auto, (max-width: 390px) 100vw, 390px\" \/><span aria-hidden=\"true\" class=\"wp-block-cover__background has-background-dim\" style=\"background-color:#a1adb2\"><\/span><div class=\"wp-block-cover__inner-container is-layout-flow wp-block-cover-is-layout-flow\">\n<p class=\"has-text-align-center has-large-font-size\">CAR CERAMIC TREATMENTS<\/p>\n\n\n\n<p class=\"has-text-align-center has-large-font-size\">AND CERAMIC COATING<br><br><strong>Your paint, shielded against daily wear<\/strong><\/p>\n\n\n\n<p><\/p>\n<\/div><\/div>\n\n<h3 class=\"wp-block-heading\">The ceramic treatment creates an invisible layer over the car&#8217;s paint that protects it from the sun, rain, dirt, and chemicals. In addition to providing a spectacular shine, it makes water and dirt slide off, making cleaning easier and keeping the car looking new for years.<\/h3>\n\n<p>It&#8217;s like putting a shield on the vehicle: it protects, enhances its color, and extends the life of the exterior finish.<\/p>\n<section class=\"services_12_1 background-1-light\" id=\"\" data-block-id=\"69d4c5e03b91269d4c5e03b913\" data-block-name=\"acf\/services-12-1\" data-post-id=\"1764\" data-stable-id=\"block_320f93a36c31535631de1a2a0d933c1c\">\r\n    <div class=\"container\">\r\n                <div class=\"row row1\">\r\n            <div class=\"col col-imagen\" data-aos=\"fade-right\">\r\n                                <img decoding=\"async\" src=\"https:\/\/daveprodetailing.com\/wp-content\/uploads\/2025\/10\/powloka-ceramiczna-co-warto-o-niej-wiedziec-i-jak-o-nia-dbac.webp\" alt=\"Tratamiento cer\u00e1mico para coches\" title=\"Imagen destacada de un tratamiento cer\u00e1mico de veh\u00edculos para protecci\u00f3n y brillo\">\r\n                            <\/div>\r\n            <div class=\"col col-texto\" data-aos=\"fade-left\">\r\n                                <h2 class=\"tamano3 color-1-headings-dark\"><span class=\"ez-toc-section\" id=\"Dave_Entry_Shield\"><\/span>\r\n                    Dave Entry Shield                <span class=\"ez-toc-section-end\"><\/span><\/h2>\r\n                                                <div class=\"texto tamano7 color-1-body-dark\">\r\n                    <p>u005cu003c!u005cu002du005cu002dStartFragment u005cu002du005cu002du005cu003eu005cru005cnu005cru005cnPrice: \u20ac490 (VAT included)u005cru005cnu005cru005cnThis treatment is designed for those seeking long-lasting protection and a glossy finish without deep paint corrections. It is the ideal starting point for caring for the bodywork with ceramic technology.u005cru005cnu005cru005cn\u2705 What does it include?u005cru005cnu005cu003culu005cu003eu005cru005cn u005ctu005cu003cliu005cu003eHand wash with double bucket technique to avoid micro-scratchesu005cu003c\/liu005cu003eu005cru005cn u005ctu005cu003cliu005cu003eDetailed cleaning of wheels and tiresu005cu003c\/liu005cu003eu005cru005cn u005ctu005cu003cliu005cu003eRemoval of metallic contaminants adhered to the paintu005cu003c\/liu005cu003eu005cru005cn u005ctu005cu003cliu005cu003eClay-Bar treatment to smooth the surfaceu005cu003c\/liu005cu003eu005cru005cn u005ctu005cu003cliu005cu003ePolishing to enhance gloss (does not remove scratches)u005cu003c\/liu005cu003eu005cru005cn u005ctu005cu003cliu005cu003eApplication of a 9H silicon dioxide ceramic coatingu005cu003c\/liu005cu003eu005cru005cn u005ctu005cu003cliu005cu003eComplimentary interior cleaningu005cu003c\/liu005cu003eu005cru005cnu005cu003c\/ulu005cu003eu005cru005cnu005cu003c!u005cu002du005cu002dEndFragment u005cu002du005cu002du005cu003e<\/p>\n                <\/div>\r\n                                            <\/div>\r\n        <\/div>\r\n        <div class=\"row row2\">\r\n            <div class=\"col col-imagen\" data-aos=\"fade-left\">\r\n                                <img decoding=\"async\" src=\"\" alt=\"Aplicaci\u00f3n de coating cer\u00e1mico\" title=\"Proceso de aplicaci\u00f3n de coating cer\u00e1mico en veh\u00edculos para protecci\u00f3n y durabilidad\">\r\n                            <\/div>\r\n            <div class=\"col col-texto\" data-aos=\"fade-right\">\r\n                                <h2 class=\"tamano3 color-1-headings-dark\"><span class=\"ez-toc-section\" id=\"Dave_LuxeShield\"><\/span>\r\n                    Dave LuxeShield                <span class=\"ez-toc-section-end\"><\/span><\/h2>\r\n                                                <div class=\"texto tamano7 color-1-body-dark\">\r\n                    <p>u005cu003c!u005cu002du005cu002dStartFragment u005cu002du005cu002du005cu003eu005cru005cnu005cru005cn\ud83d\udc8e u005cu003cstrongu005cu003eExclusive treatmentu005cu003c\/strongu005cu003eu005cru005cnu005cru005cnCorrection + Extreme protectionu005cru005cnu005cru005cnu005cu003cstrongu005cu003ePrice: \u20ac965 (VAT included)u005cu003c\/strongu005cu003eu005cru005cnu005cru005cnThis service is designed for those seeking the most advanced in automotive protection and aesthetics. Crystal Serum Light is an exceptional ceramic coating that offers unmatched shine and superior shine retention thanks to its outstanding resistance to micro-scratches caused by washing. However, its water repellence does not reach the level that EXOv5 can offer. Therefore, if you are looking for the best for your car, with a combination of resistance to micro-scratches and excellent water repellence, this kit is the perfect choice.u005cru005cnu005cru005cn\u2705 What does it include?u005cru005cnu005cu003culu005cu003eu005cru005cn u005ctu005cu003cliu005cu003eHand wash with double bucket technique for maximum paint safetyu005cu003c\/liu005cu003eu005cru005cn u005ctu005cu003cliu005cu003eDetailed cleaning of wheels, tires, and wheel archesu005cu003c\/liu005cu003eu005cru005cn u005ctu005cu003cliu005cu003eRemoval of iron contaminants and embedded dirtu005cu003c\/liu005cu003eu005cru005cn u005ctu005cu003cliu005cu003eClay-Bar treatment for an entirely smooth surfaceu005cu003c\/liu005cu003eu005cru005cn u005ctu005cu003cliu005cu003ePaint correction polishing (up to 70% guaranteed visual improvement)u005cu003c\/liu005cu003eu005cru005cn u005ctu005cu003cliu005cu003eApplication of 1 layer of ceramic coating and 1 layer of serum to enhance gloss and give extra resistance (protection up to 5 years)u005cu003c\/liu005cu003eu005cru005cn u005ctu005cu003cliu005cu003eHydrophobic glass sealing to improve visibility and repellenceu005cu003c\/liu005cu003eu005cru005cn u005ctu005cu003cliu005cu003eComplimentary interior cleaning for a complete experienceu005cu003c\/liu005cu003eu005cru005cnu005cu003c\/ulu005cu003eu005cru005cnu005cu003c!u005cu002du005cu002dEndFragment u005cu002du005cu002du005cu003e<\/p>\n                <\/div>\r\n                                            <\/div>\r\n        <\/div>\r\n        \r\n    <\/div>\r\n<\/section>\r\n<style>\r\n    .services_12_1 .row .col-texto {\r\n        padding-top: 40px;\r\n        max-width: 585px;\r\n        width: 100%;\r\n    }\r\n\r\n    .services_12_1 .container {\r\n        display: flex;\r\n        flex-direction: column;\r\n        gap: 115px;\r\n    }\r\n\r\n    .services_12_1 .row.row2 {\r\n        flex-direction: row-reverse;\r\n    }\r\n\r\n    .services_12_1 .row {\r\n        display: flex;\r\n        gap: 180px;\r\n    }\r\n\r\n    .services_12_1 .row:not(.row2) img {\r\n        width: calc(100% - 30px);\r\n        margin-right: auto;\r\n    }\r\n\r\n    .services_12_1 .row.row2 img {\r\n        width: calc(100% - 30px);\r\n        margin-left: auto;\r\n    }\r\n\r\n    .services_12_1 .btn-round {\r\n        border-radius: 60px;\r\n        padding: 12px 25px;\r\n        display: inline-block;\r\n        min-width: 175px;\r\n        text-align: center;\r\n        text-decoration: none;\r\n    }\r\n\r\n    .services_12_1 .texto *:last-child {\r\n        padding-bottom: 0;\r\n    }\r\n\r\n    .services_12_1 .col-imagen .video {\r\n        width: 100%;\r\n    }\r\n\r\n    .services_12_1 .col-imagen iframe {\r\n        width: 100%;\r\n        height: 100%;\r\n        min-height: 537px;\r\n    }\r\n\r\n    .services_12_1 img {\r\n        width: 100%;\r\n    }\r\n\r\n    .services_12_1 .texto {\r\n        padding-bottom: 30px;\r\n    }\r\n\r\n    .services_12_1 .texto * {\r\n        padding-bottom: 20px;\r\n    }\r\n\r\n    .services_12_1 h2 {\r\n        padding-bottom: 45px;\r\n    }\r\n\r\n    .services_12_1 {\r\n        padding: 80px 150px;\r\n        position: relative;\r\n    }\r\n\r\n    @media (max-width:1750px) {\r\n        .services_12_1 {\r\n            padding-left: 50px;\r\n            padding-right: 50px;\r\n        }\r\n    }\r\n\r\n    @media (max-width:1550px) {\r\n        .services_12_1 .row {\r\n            gap: 100px;\r\n        }\r\n    }\r\n\r\n    @media (max-width:1350px) {\r\n        .services_12_1 .row {\r\n            gap: 30px;\r\n        }\r\n\r\n        .services_12_1 {\r\n            padding-left: 0;\r\n            padding-right: 0;\r\n        }\r\n    }\r\n\r\n    @media (max-width:992px) {\r\n\r\n        .services_12_1 .container {\r\n            gap: 35px;\r\n        }\r\n\r\n\r\n        .services_12_1 .row:not(.row2) img,\r\n        .services_12_1 .row.row2 img {\r\n            width: 100%;\r\n        }\r\n\r\n        .services_12_1 .col-imagen iframe {\r\n            min-height: 475px;\r\n        }\r\n\r\n        .services_12_1 .row.row2 {\r\n            flex-direction: column;\r\n            gap: 0;\r\n        }\r\n\r\n        .services_12_1 .row {\r\n            flex-direction: column;\r\n            gap: 0;\r\n        }\r\n\r\n        .services_12_1 .row .col-texto {\r\n            max-width: 100%;\r\n        }\r\n\r\n        .services_12_1 h2 {\r\n            padding-bottom: 35px;\r\n        }\r\n\r\n        .services_12_1 {\r\n            padding: 40px 0;\r\n        }\r\n    }\r\n\r\n    @media (max-width:768px) {\r\n        .services_12_1 .col-imagen iframe {\r\n            min-height: 310px;\r\n        }\r\n    }\r\n<\/style>\r\n<section class=\"services_child_1_1 background-1-light\" id=\"\"\r\n    original-block-id=\"block_32298f530029e0d5a56e1133bb5f8cc3\" data-block-id=\"69d4c5e03ecb369d4c5e03ecb4\" data-block-name=\"acf\/services-child-1-1\" data-post-id=\"1764\" data-stable-id=\"block_32298f530029e0d5a56e1133bb5f8cc3\">\r\n    <div class=\"container\">\r\n        <div class=\"row\">\r\n            <div class=\"col col-top\" data-aos=\"fade-up\">\r\n                \r\n                                <div class=\"texto tamano7 color-1-body-dark\">\r\n                    <p>u005cu003c!u005cu002du005cu002dStartFragment u005cu002du005cu002du005cu003eu005cru005cnu005cru005cnu005cu0026nbsp;u005cru005cnu005cru005cnu005cu003c!u005cu002du005cu002dEndFragment u005cu002du005cu002du005cu003eu005cru005cnu005cru005cnu005cu003cimg class=u005cu0022alignnone wp-image-1584 size-mediumu005cu0022 src=u005cu0022https:\/\/daveprodetailing.com\/wp-content\/uploads\/2025\/10\/IMG-20250904-WA0015-225&#215;300.jpgu005cu0022 alt=u005cu0022u005cu0022 width=u005cu0022225u005cu0022 height=u005cu0022300u005cu0022 \/u005cu003e<\/p>\n                <\/div>\r\n\r\n                                            <\/div>\r\n\r\n            <div class=\"col col-imagen\">\r\n                <div class=\"left\" data-aos=\"fade-left\">\r\n                    <div class=\"mask\"><\/div>\r\n                                        <img decoding=\"async\" src=\"https:\/\/daveprodetailing.com\/wp-content\/uploads\/2024\/09\/IMG_6408.jpeg\" alt=\"Pulido de carrocer\u00eda\" title=\"Pulido y detallado de carrocer\u00eda de veh\u00edculos como parte del tratamiento cer\u00e1mico\">\r\n                                    <\/div>\r\n\r\n                <div class=\"right\" data-aos=\"fade-right\">\r\n                                                                                                <\/div>\r\n            <\/div>\r\n        <\/div>\r\n    <\/div>\r\n<\/section>\r\n<style>\r\n    .services_child_1_1 .col-imagen .left .mask {\r\n        background: rgba(0, 0, 0, 0.30);\r\n        position: absolute;\r\n        top: 0;\r\n        left: 0;\r\n        width: 100%;\r\n        right: 100%;\r\n    }\r\n\r\n    .services_child_1_1 .vermas svg path {\r\n        stroke: var(--color-1-body-dark);\r\n    }\r\n\r\n    .services_child_1_1 .vermas .hide {\r\n        display: none;\r\n    }\r\n\r\n    .services_child_1_1 .vermas.show svg {\r\n        transform: rotate(180deg);\r\n    }\r\n\r\n    .services_child_1_1 .vermas {\r\n        display: none;\r\n        margin-top: 20px;\r\n        align-items: center;\r\n        gap: 10px;\r\n        cursor: pointer;\r\n    }\r\n\r\n    .services_child_1_1 .vermas span {\r\n        font-weight: var(--tamano5-font-weight);\r\n    }\r\n\r\n    .services_child_1_1 .col-top .texto {\r\n        display: flex;\r\n        gap: 30px;\r\n        width: 100%;\r\n    }\r\n\r\n    .services_child_1_1 .col-top .texto p {\r\n        width: 50%;\r\n    }\r\n\r\n    .services_child_1_1 .col-top {\r\n        margin-bottom: 105px;\r\n    }\r\n\r\n    .services_child_1_1 .col-imagen .texto {\r\n        padding-bottom: 21px;\r\n        max-width: 660px;\r\n    }\r\n\r\n    .services_child_1_1 .col-imagen .subtitulo {\r\n        padding-bottom: 17px;\r\n        max-width: 660px;\r\n        font-weight: var(--tamano4-font-weight);\r\n    }\r\n\r\n    .services_child_1_1 .col-imagen h3 {\r\n        padding-bottom: 22px;\r\n    }\r\n\r\n    .services_child_1_1 .col-imagen .right {\r\n        width: 50%;\r\n        margin-top: 50px;\r\n        padding-right: 184px;\r\n    }\r\n\r\n    .services_child_1_1 .col-imagen .left {\r\n        max-width: 100%;\r\n        width: 50%;\r\n        position: relative;\r\n    }\r\n\r\n    .services_child_1_1 .col-imagen {\r\n        display: flex;\r\n        position: relative;\r\n        gap: 30px;\r\n        width: 100%;\r\n    }\r\n\r\n    .services_child_1_1[original-block-id=\"block_32298f530029e0d5a56e1133bb5f8cc3\"] .col-imagen {\r\n            }\r\n\r\n    .services_child_1_1 h2 {\r\n        padding-bottom: 45px;\r\n    }\r\n\r\n    .services_child_1_1 .col-imagen .left img {\r\n        height: auto;\r\n        width: 100%;\r\n    }\r\n\r\n    .services_child_1_1 .col-imagen .left .video {\r\n        width: 100%;\r\n        height: 100%;\r\n        overflow: hidden;\r\n    }\r\n\r\n    .services_child_1_1 .col-imagen .left .video iframe {\r\n        width: 100%;\r\n        height: 100%;\r\n        border: none;\r\n        min-height: 600px;\r\n    }\r\n\r\n    .services_child_1_1 {\r\n        padding: 80px 150px;\r\n    }\r\n\r\n    .services_child_1_1 .btn-round {\r\n        border-radius: 60px;\r\n        padding: 12px 25px;\r\n        display: inline-block;\r\n        min-width: 175px;\r\n        text-align: center;\r\n        text-decoration: none;\r\n    }\r\n\r\n    @media (max-width:1750px) {\r\n        .services_child_1_1 {\r\n            padding-left: 50px;\r\n            padding-right: 50px;\r\n        }\r\n    }\r\n\r\n    @media (max-width:1550px) {\r\n        .services_child_1_1 {\r\n            padding-left: 0;\r\n            padding-right: 0;\r\n        }\r\n\r\n        .services_child_1_1 .col-imagen .left .video iframe {\r\n            min-height: 400px;\r\n        }\r\n    }\r\n\r\n    @media (max-width:1250px) {\r\n        .services_child_1_1 .col-imagen .right {\r\n            width: 100%;\r\n            position: relative;\r\n            top: inherit;\r\n            transform: none;\r\n        }\r\n\r\n        .services_child_1_1 .col-imagen .left {\r\n            max-width: 100%;\r\n            width: 100%;\r\n        }\r\n\r\n        .services_child_1_1 .col-imagen .right {\r\n            padding-right: 0;\r\n            margin-top: 0;\r\n        }\r\n    }\r\n\r\n    @media (max-width:992px) {\r\n        .services_child_1_1 .col-imagen {\r\n            flex-direction: column;\r\n            gap: 30px;\r\n        }\r\n\r\n        .services_child_1_1 .col-imagen .subtitulo {\r\n            padding-bottom: 30px;\r\n        }\r\n\r\n        .services_child_1_1 .col-imagen .texto {\r\n            padding-bottom: 35px;\r\n        }\r\n\r\n        .services_child_1_1 .col-top .texto {\r\n            flex-direction: column;\r\n            gap: 20px;\r\n        }\r\n\r\n        .services_child_1_1 .col-top .texto p {\r\n            width: 100%;\r\n        }\r\n\r\n        .services_child_1_1 .col-top {\r\n            margin-bottom: 38px;\r\n        }\r\n\r\n        .services_child_1_1 {\r\n            padding: 40px 0;\r\n        }\r\n\r\n        .services_child_1_1 .col-top .texto.show p:not(:first-child) {\r\n            display: block;\r\n        }\r\n\r\n        .services_child_1_1 .col-top .texto p:not(:first-child) {\r\n            display: none;\r\n        }\r\n\r\n        .services_child_1_1 .vermas {\r\n            display: flex;\r\n        }\r\n\r\n        .services_child_1_1 .col-imagen .left .video iframe {\r\n            min-height: 370px;\r\n        }\r\n    }\r\n\r\n    @media (max-width:768px) {\r\n        .services_child_1_1 h2 {\r\n            line-height: var(--tamano4-line-height);\r\n            padding-bottom: 25px;\r\n        }\r\n\r\n        .services_child_1_1 .col-imagen .subtitulo {\r\n            padding-bottom: 20px;\r\n        }\r\n\r\n        .services_child_1_1 h3 {\r\n            line-height: var(--tamano6-line-height);\r\n            padding-bottom: 20px;\r\n        }\r\n\r\n        .services_child_1_1 .col-imagen .left .video iframe {\r\n            min-height: 310px;\r\n        }\r\n    }\r\n<\/style>\r\n<script>\r\n    jQuery('.services_child_1_1 .vermas').on('click', function() {\r\n        jQuery('.services_child_1_1 .texto').toggleClass('show');\r\n        jQuery('.services_child_1_1 .vermas').toggleClass('show');\r\n        jQuery('.services_child_1_1 .vermas span').toggleClass('hide');\r\n    });\r\n<\/script>\r\n\n<p><\/p>\n","protected":false},"excerpt":{"rendered":"<p>The ceramic treatment creates an invisible layer over the car&#8217;s paint that protects it from the sun, rain, dirt, and chemicals. In addition to providing a spectacular shine, it makes water and dirt slide off, making cleaning easier and keeping the car looking new for years. It&#8217;s like putting a shield on the vehicle: it &hellip; <\/p>\n","protected":false},"author":0,"featured_media":0,"parent":0,"menu_order":2,"comment_status":"open","ping_status":"closed","template":"template-custom.blade.php","meta":{"_acf_changed":false,"iawp_total_views":6,"footnotes":""},"class_list":["post-1764","page","type-page","status-publish","hentry"],"acf":[],"yoast_head":"<!-- This site is optimized with the Yoast SEO plugin v27.3 - https:\/\/yoast.com\/product\/yoast-seo-wordpress\/ -->\n<title>CERAMIC TREATMENTS - Dave Pro detailing<\/title>\n<meta name=\"robots\" content=\"index, follow, max-snippet:-1, max-image-preview:large, max-video-preview:-1\" \/>\n<link rel=\"canonical\" href=\"https:\/\/daveprodetailing.com\/en\/ceramic-treatments\/\" \/>\n<meta property=\"og:locale\" content=\"en_US\" \/>\n<meta property=\"og:type\" content=\"article\" \/>\n<meta property=\"og:title\" content=\"CERAMIC TREATMENTS - Dave Pro detailing\" \/>\n<meta property=\"og:description\" content=\"The ceramic treatment creates an invisible layer over the car&#8217;s paint that protects it from the sun, rain, dirt, and chemicals. In addition to providing a spectacular shine, it makes water and dirt slide off, making cleaning easier and keeping the car looking new for years. It&#8217;s like putting a shield on the vehicle: it &hellip;\" \/>\n<meta property=\"og:url\" content=\"https:\/\/daveprodetailing.com\/en\/ceramic-treatments\/\" \/>\n<meta property=\"og:site_name\" content=\"Dave Pro detailing\" \/>\n<meta property=\"article:modified_time\" content=\"2025-12-15T10:00:43+00:00\" \/>\n<meta property=\"og:image\" content=\"https:\/\/daveprodetailing.com\/wp-content\/uploads\/2025\/10\/blog-que-coating-elegir-3.jpg\" \/>\n\t<meta property=\"og:image:width\" content=\"390\" \/>\n\t<meta property=\"og:image:height\" content=\"258\" \/>\n\t<meta property=\"og:image:type\" content=\"image\/jpeg\" \/>\n<meta name=\"twitter:card\" content=\"summary_large_image\" \/>\n<!-- \/ Yoast SEO plugin. -->","yoast_head_json":{"title":"CERAMIC TREATMENTS - Dave Pro detailing","robots":{"index":"index","follow":"follow","max-snippet":"max-snippet:-1","max-image-preview":"max-image-preview:large","max-video-preview":"max-video-preview:-1"},"canonical":"https:\/\/daveprodetailing.com\/en\/ceramic-treatments\/","og_locale":"en_US","og_type":"article","og_title":"CERAMIC TREATMENTS - Dave Pro detailing","og_description":"The ceramic treatment creates an invisible layer over the car&#8217;s paint that protects it from the sun, rain, dirt, and chemicals. In addition to providing a spectacular shine, it makes water and dirt slide off, making cleaning easier and keeping the car looking new for years. It&#8217;s like putting a shield on the vehicle: it &hellip;","og_url":"https:\/\/daveprodetailing.com\/en\/ceramic-treatments\/","og_site_name":"Dave Pro detailing","article_modified_time":"2025-12-15T10:00:43+00:00","og_image":[{"width":390,"height":258,"url":"https:\/\/daveprodetailing.com\/wp-content\/uploads\/2025\/10\/blog-que-coating-elegir-3.jpg","type":"image\/jpeg"}],"twitter_card":"summary_large_image","schema":{"@context":"https:\/\/schema.org","@graph":[{"@type":"WebPage","@id":"https:\/\/daveprodetailing.com\/en\/ceramic-treatments\/","url":"https:\/\/daveprodetailing.com\/en\/ceramic-treatments\/","name":"CERAMIC TREATMENTS - Dave Pro detailing","isPartOf":{"@id":"https:\/\/daveprodetailing.com\/en\/#website"},"primaryImageOfPage":{"@id":"https:\/\/daveprodetailing.com\/en\/ceramic-treatments\/#primaryimage"},"image":{"@id":"https:\/\/daveprodetailing.com\/en\/ceramic-treatments\/#primaryimage"},"thumbnailUrl":"https:\/\/daveprodetailing.com\/wp-content\/uploads\/2025\/10\/blog-que-coating-elegir-3.jpg","datePublished":"2025-10-16T17:09:54+00:00","dateModified":"2025-12-15T10:00:43+00:00","breadcrumb":{"@id":"https:\/\/daveprodetailing.com\/en\/ceramic-treatments\/#breadcrumb"},"inLanguage":"en-US","potentialAction":[{"@type":"ReadAction","target":["https:\/\/daveprodetailing.com\/en\/ceramic-treatments\/"]}]},{"@type":"ImageObject","inLanguage":"en-US","@id":"https:\/\/daveprodetailing.com\/en\/ceramic-treatments\/#primaryimage","url":"https:\/\/daveprodetailing.com\/wp-content\/uploads\/2025\/10\/blog-que-coating-elegir-3.jpg","contentUrl":"https:\/\/daveprodetailing.com\/wp-content\/uploads\/2025\/10\/blog-que-coating-elegir-3.jpg"},{"@type":"BreadcrumbList","@id":"https:\/\/daveprodetailing.com\/en\/ceramic-treatments\/#breadcrumb","itemListElement":[{"@type":"ListItem","position":1,"name":"Portada","item":"https:\/\/daveprodetailing.com\/en\/welcome-to-dave-pro-detailing\/"},{"@type":"ListItem","position":2,"name":"CERAMIC TREATMENTS"}]},{"@type":"WebSite","@id":"https:\/\/daveprodetailing.com\/en\/#website","url":"https:\/\/daveprodetailing.com\/en\/","name":"Dave Pro detailing","description":"Detailing a domicilio","publisher":{"@id":"https:\/\/daveprodetailing.com\/en\/#organization"},"potentialAction":[{"@type":"SearchAction","target":{"@type":"EntryPoint","urlTemplate":"https:\/\/daveprodetailing.com\/en\/?s={search_term_string}"},"query-input":{"@type":"PropertyValueSpecification","valueRequired":true,"valueName":"search_term_string"}}],"inLanguage":"en-US"},{"@type":"Organization","@id":"https:\/\/daveprodetailing.com\/en\/#organization","name":"Dave Pro detailing","url":"https:\/\/daveprodetailing.com\/en\/","logo":{"@type":"ImageObject","inLanguage":"en-US","@id":"https:\/\/daveprodetailing.com\/en\/#\/schema\/logo\/image\/","url":"https:\/\/daveprodetailing.com\/wp-content\/uploads\/2024\/06\/666997f8943ea_davekleaner.png","contentUrl":"https:\/\/daveprodetailing.com\/wp-content\/uploads\/2024\/06\/666997f8943ea_davekleaner.png","width":500,"height":500,"caption":"Dave Pro detailing"},"image":{"@id":"https:\/\/daveprodetailing.com\/en\/#\/schema\/logo\/image\/"}}]}},"_links":{"self":[{"href":"https:\/\/daveprodetailing.com\/en\/wp-json\/wp\/v2\/pages\/1764","targetHints":{"allow":["GET"]}}],"collection":[{"href":"https:\/\/daveprodetailing.com\/en\/wp-json\/wp\/v2\/pages"}],"about":[{"href":"https:\/\/daveprodetailing.com\/en\/wp-json\/wp\/v2\/types\/page"}],"replies":[{"embeddable":true,"href":"https:\/\/daveprodetailing.com\/en\/wp-json\/wp\/v2\/comments?post=1764"}],"version-history":[{"count":0,"href":"https:\/\/daveprodetailing.com\/en\/wp-json\/wp\/v2\/pages\/1764\/revisions"}],"wp:attachment":[{"href":"https:\/\/daveprodetailing.com\/en\/wp-json\/wp\/v2\/media?parent=1764"}],"curies":[{"name":"wp","href":"https:\/\/api.w.org\/{rel}","templated":true}]}}